{"id":104,"date":"2022-04-23T20:31:12","date_gmt":"2022-04-23T20:31:12","guid":{"rendered":"http:\/\/justebouffeasiatique.ca\/client\/ahipoke2022\/?page_id=104"},"modified":"2025-06-04T21:01:18","modified_gmt":"2025-06-04T21:01:18","slug":"nos-pokes","status":"publish","type":"page","link":"http:\/\/ahipokes.ca\/en\/nos-pokes\/","title":{"rendered":"Our Pokes"},"content":{"rendered":"<div class=\"wpb-content-wrapper\"><section id=\"9951\" class=\"container-fluid vntd-section-default section-default-width\"><div class=\"vc_row wpb_row  vc_custom_1652104188622\"><div class=\"inner\"><div class=\"wpb_column vc_column_container vc_col-sm-12\"><div class=\"vc_column-inner\"><div class=\"wpb_wrapper\"><div class=\"vc_row wpb_row vc_inner vc_row-fluid\"><div class=\"wpb_column vc_column_container vc_col-sm-4\"><div class=\"vc_column-inner\"><div class=\"wpb_wrapper\">\n\t<div class=\"wpb_single_image wpb_content_element vc_align_center  wpb_animate_when_almost_visible wpb_fadeIn fadeIn\">\n\t\t<div class=\"wpb_wrapper\">\n\t\t\t\n\t\t\t<div class=\"vc_single_image-wrapper vc_box_outline  vc_box_border_grey\"><img loading=\"lazy\" decoding=\"async\" width=\"916\" height=\"682\" src=\"http:\/\/ahipokes.ca\/wp-content\/uploads\/2022\/04\/ahipoke1-2022.png\" class=\"vc_single_image-img attachment-large\" alt=\"\" title=\"ahipoke#1-2022\" srcset=\"http:\/\/ahipokes.ca\/wp-content\/uploads\/2022\/04\/ahipoke1-2022.png 916w, http:\/\/ahipokes.ca\/wp-content\/uploads\/2022\/04\/ahipoke1-2022-300x223.png 300w, http:\/\/ahipokes.ca\/wp-content\/uploads\/2022\/04\/ahipoke1-2022-768x572.png 768w, http:\/\/ahipokes.ca\/wp-content\/uploads\/2022\/04\/ahipoke1-2022-880x655.png 880w, http:\/\/ahipokes.ca\/wp-content\/uploads\/2022\/04\/ahipoke1-2022-450x335.png 450w\" sizes=\"auto, (max-width: 916px) 100vw, 916px\" \/><\/div>\n\t\t<\/div>\n\t<\/div>\n\n\t<div class=\"wpb_text_column wpb_content_element\" >\n\t\t<div class=\"wpb_wrapper\">\n\t\t\t<h3 style=\"text-align: center;\">POKE SAUMON 21<\/h3>\n<p style=\"text-align: center;\">Fresh salmon, edamame bean, mixed salad,\nvinegar rice, garden vegetables, caviar, house vinaigrette.<\/p>\n\n\t\t<\/div>\n\t<\/div>\n<\/div><\/div><\/div><div class=\"wpb_column vc_column_container vc_col-sm-4\"><div class=\"vc_column-inner\"><div class=\"wpb_wrapper\">\n\t<div class=\"wpb_single_image wpb_content_element vc_align_center  wpb_animate_when_almost_visible wpb_fadeIn fadeIn\">\n\t\t<div class=\"wpb_wrapper\">\n\t\t\t\n\t\t\t<div class=\"vc_single_image-wrapper vc_box_outline  vc_box_border_grey\"><img loading=\"lazy\" decoding=\"async\" width=\"916\" height=\"682\" src=\"http:\/\/ahipokes.ca\/wp-content\/uploads\/2022\/04\/ahipoke2-2022-1.png\" class=\"vc_single_image-img attachment-large\" alt=\"\" title=\"ahipoke#2-2022\" srcset=\"http:\/\/ahipokes.ca\/wp-content\/uploads\/2022\/04\/ahipoke2-2022-1.png 916w, http:\/\/ahipokes.ca\/wp-content\/uploads\/2022\/04\/ahipoke2-2022-1-300x223.png 300w, http:\/\/ahipokes.ca\/wp-content\/uploads\/2022\/04\/ahipoke2-2022-1-768x572.png 768w, http:\/\/ahipokes.ca\/wp-content\/uploads\/2022\/04\/ahipoke2-2022-1-880x655.png 880w, http:\/\/ahipokes.ca\/wp-content\/uploads\/2022\/04\/ahipoke2-2022-1-450x335.png 450w\" sizes=\"auto, (max-width: 916px) 100vw, 916px\" \/><\/div>\n\t\t<\/div>\n\t<\/div>\n\n\t<div class=\"wpb_text_column wpb_content_element\" >\n\t\t<div class=\"wpb_wrapper\">\n\t\t\t<h3 style=\"text-align: center;\">POKE THON 22<\/h3>\n<p style=\"text-align: center;\">Tuna (sushi quality), edamame bean, mango, salad, carrot, rice, caviar, house vinaigrette.<\/p>\n\n\t\t<\/div>\n\t<\/div>\n<\/div><\/div><\/div><div class=\"wpb_column vc_column_container vc_col-sm-4\"><div class=\"vc_column-inner\"><div class=\"wpb_wrapper\">\n\t<div class=\"wpb_single_image wpb_content_element vc_align_center  wpb_animate_when_almost_visible wpb_fadeIn fadeIn\">\n\t\t<div class=\"wpb_wrapper\">\n\t\t\t\n\t\t\t<div class=\"vc_single_image-wrapper vc_box_outline  vc_box_border_grey\"><img loading=\"lazy\" decoding=\"async\" width=\"916\" height=\"682\" src=\"http:\/\/ahipokes.ca\/wp-content\/uploads\/2022\/04\/ahipoke3-2022.png\" class=\"vc_single_image-img attachment-large\" alt=\"\" title=\"ahipoke#3-2022\" srcset=\"http:\/\/ahipokes.ca\/wp-content\/uploads\/2022\/04\/ahipoke3-2022.png 916w, http:\/\/ahipokes.ca\/wp-content\/uploads\/2022\/04\/ahipoke3-2022-300x223.png 300w, http:\/\/ahipokes.ca\/wp-content\/uploads\/2022\/04\/ahipoke3-2022-768x572.png 768w, http:\/\/ahipokes.ca\/wp-content\/uploads\/2022\/04\/ahipoke3-2022-880x655.png 880w, http:\/\/ahipokes.ca\/wp-content\/uploads\/2022\/04\/ahipoke3-2022-450x335.png 450w\" sizes=\"auto, (max-width: 916px) 100vw, 916px\" \/><\/div>\n\t\t<\/div>\n\t<\/div>\n\n\t<div class=\"wpb_text_column wpb_content_element\" >\n\t\t<div class=\"wpb_wrapper\">\n\t\t\t<h3 style=\"text-align: center;\">POKE DELUXE 22<\/h3>\n<p style=\"text-align: center;\">Fresh salmon, tempura shrimps, edamame bean,\nmixed salad, vinegared rice, garden vegetables, caviar, house vinaigrette.<\/p>\n\n\t\t<\/div>\n\t<\/div>\n<\/div><\/div><\/div><\/div><div class=\"vc_row wpb_row vc_inner vc_row-fluid\"><div class=\"wpb_column vc_column_container vc_col-sm-4\"><div class=\"vc_column-inner\"><div class=\"wpb_wrapper\">\n\t<div class=\"wpb_single_image wpb_content_element vc_align_center  wpb_animate_when_almost_visible wpb_fadeIn fadeIn\">\n\t\t<div class=\"wpb_wrapper\">\n\t\t\t\n\t\t\t<div class=\"vc_single_image-wrapper vc_box_outline  vc_box_border_grey\"><img loading=\"lazy\" decoding=\"async\" width=\"916\" height=\"682\" src=\"http:\/\/ahipokes.ca\/wp-content\/uploads\/2022\/04\/ahipoke4-2022.png\" class=\"vc_single_image-img attachment-large\" alt=\"\" title=\"ahipoke#4-2022\" srcset=\"http:\/\/ahipokes.ca\/wp-content\/uploads\/2022\/04\/ahipoke4-2022.png 916w, http:\/\/ahipokes.ca\/wp-content\/uploads\/2022\/04\/ahipoke4-2022-300x223.png 300w, http:\/\/ahipokes.ca\/wp-content\/uploads\/2022\/04\/ahipoke4-2022-768x572.png 768w, http:\/\/ahipokes.ca\/wp-content\/uploads\/2022\/04\/ahipoke4-2022-880x655.png 880w, http:\/\/ahipokes.ca\/wp-content\/uploads\/2022\/04\/ahipoke4-2022-450x335.png 450w\" sizes=\"auto, (max-width: 916px) 100vw, 916px\" \/><\/div>\n\t\t<\/div>\n\t<\/div>\n\n\t<div class=\"wpb_text_column wpb_content_element\" >\n\t\t<div class=\"wpb_wrapper\">\n\t\t\t<h3 style=\"text-align: center;\">POKE V\u00c9G\u00c9TARIEN 20<\/h3>\n<p style=\"text-align: center;\">Mountain of salad and fresh seasonal vegetables, edamame beans, sundried tomato, marinated wakame, fried carrot, pickled ginger, grilled sesame, fried sweet potato, onion ring.<\/p>\n\n\t\t<\/div>\n\t<\/div>\n<\/div><\/div><\/div><div class=\"wpb_column vc_column_container vc_col-sm-4\"><div class=\"vc_column-inner\"><div class=\"wpb_wrapper\">\n\t<div class=\"wpb_single_image wpb_content_element vc_align_center  wpb_animate_when_almost_visible wpb_fadeIn fadeIn\">\n\t\t<div class=\"wpb_wrapper\">\n\t\t\t\n\t\t\t<div class=\"vc_single_image-wrapper vc_box_outline  vc_box_border_grey\"><img loading=\"lazy\" decoding=\"async\" width=\"916\" height=\"682\" src=\"http:\/\/ahipokes.ca\/wp-content\/uploads\/2022\/04\/ahipoke5-2022.png\" class=\"vc_single_image-img attachment-large\" alt=\"\" title=\"ahipoke#5-2022\" srcset=\"http:\/\/ahipokes.ca\/wp-content\/uploads\/2022\/04\/ahipoke5-2022.png 916w, http:\/\/ahipokes.ca\/wp-content\/uploads\/2022\/04\/ahipoke5-2022-300x223.png 300w, http:\/\/ahipokes.ca\/wp-content\/uploads\/2022\/04\/ahipoke5-2022-768x572.png 768w, http:\/\/ahipokes.ca\/wp-content\/uploads\/2022\/04\/ahipoke5-2022-880x655.png 880w, http:\/\/ahipokes.ca\/wp-content\/uploads\/2022\/04\/ahipoke5-2022-450x335.png 450w\" sizes=\"auto, (max-width: 916px) 100vw, 916px\" \/><\/div>\n\t\t<\/div>\n\t<\/div>\n\n\t<div class=\"wpb_text_column wpb_content_element\" >\n\t\t<div class=\"wpb_wrapper\">\n\t\t\t<h3 style=\"text-align: center;\">POKE CRABE ET CREVETTE 21<\/h3>\n<p style=\"text-align: center;\">Snow crab and shrimp salad, caviar,\ncrispy tempura, mixed lettuce, vinegar rice,\nhouse vinaigrette.<\/p>\n\n\t\t<\/div>\n\t<\/div>\n<\/div><\/div><\/div><div class=\"wpb_column vc_column_container vc_col-sm-4 vc_hidden-lg vc_hidden-md vc_hidden-sm vc_hidden-xs\"><div class=\"vc_column-inner\"><div class=\"wpb_wrapper\">\n\t<div class=\"wpb_single_image wpb_content_element vc_align_center  wpb_animate_when_almost_visible wpb_fadeIn fadeIn\">\n\t\t<div class=\"wpb_wrapper\">\n\t\t\t\n\t\t\t<div class=\"vc_single_image-wrapper vc_box_outline  vc_box_border_grey\"><img loading=\"lazy\" decoding=\"async\" width=\"916\" height=\"682\" src=\"http:\/\/ahipokes.ca\/wp-content\/uploads\/2022\/04\/ahipoke6-2022.png\" class=\"vc_single_image-img attachment-large\" alt=\"\" title=\"ahipoke#6-2022\" srcset=\"http:\/\/ahipokes.ca\/wp-content\/uploads\/2022\/04\/ahipoke6-2022.png 916w, http:\/\/ahipokes.ca\/wp-content\/uploads\/2022\/04\/ahipoke6-2022-300x223.png 300w, http:\/\/ahipokes.ca\/wp-content\/uploads\/2022\/04\/ahipoke6-2022-768x572.png 768w, http:\/\/ahipokes.ca\/wp-content\/uploads\/2022\/04\/ahipoke6-2022-880x655.png 880w, http:\/\/ahipokes.ca\/wp-content\/uploads\/2022\/04\/ahipoke6-2022-450x335.png 450w\" sizes=\"auto, (max-width: 916px) 100vw, 916px\" \/><\/div>\n\t\t<\/div>\n\t<\/div>\n\n\t<div class=\"wpb_text_column wpb_content_element\" >\n\t\t<div class=\"wpb_wrapper\">\n\t\t\t<h3 style=\"text-align: center;\">POKE SALADE DE HOMARD 21<\/h3>\n<p style=\"text-align: center;\">Lobster salad, vinegar rice, tempura,\ncaviar, grilled sesame, grilled seaweed,\nedamame bean, homemade sauce.<\/p>\n\n\t\t<\/div>\n\t<\/div>\n<\/div><\/div><\/div><\/div><div class=\"vc_row wpb_row vc_inner vc_row-fluid\"><div class=\"wpb_column vc_column_container vc_col-sm-4\"><div class=\"vc_column-inner\"><div class=\"wpb_wrapper\">\n\t<div class=\"wpb_single_image wpb_content_element vc_align_center  wpb_animate_when_almost_visible wpb_fadeIn fadeIn\">\n\t\t<div class=\"wpb_wrapper\">\n\t\t\t\n\t\t\t<div class=\"vc_single_image-wrapper vc_box_outline  vc_box_border_grey\"><img loading=\"lazy\" decoding=\"async\" width=\"916\" height=\"682\" src=\"http:\/\/ahipokes.ca\/wp-content\/uploads\/2022\/04\/ahipoke8-2022.png\" class=\"vc_single_image-img attachment-large\" alt=\"\" title=\"ahipoke#8-2022\" srcset=\"http:\/\/ahipokes.ca\/wp-content\/uploads\/2022\/04\/ahipoke8-2022.png 916w, http:\/\/ahipokes.ca\/wp-content\/uploads\/2022\/04\/ahipoke8-2022-300x223.png 300w, http:\/\/ahipokes.ca\/wp-content\/uploads\/2022\/04\/ahipoke8-2022-768x572.png 768w, http:\/\/ahipokes.ca\/wp-content\/uploads\/2022\/04\/ahipoke8-2022-880x655.png 880w, http:\/\/ahipokes.ca\/wp-content\/uploads\/2022\/04\/ahipoke8-2022-450x335.png 450w\" sizes=\"auto, (max-width: 916px) 100vw, 916px\" \/><\/div>\n\t\t<\/div>\n\t<\/div>\n\n\t<div class=\"wpb_text_column wpb_content_element\" >\n\t\t<div class=\"wpb_wrapper\">\n\t\t\t<h3 style=\"text-align: center;\">POULET KATSU 20<\/h3>\n<p style=\"text-align: center;\">Crispy katsu chicken breast served on a salad nest and sushi rice, homemade spicy mayo, shallot.<\/p>\n\n\t\t<\/div>\n\t<\/div>\n<\/div><\/div><\/div><div class=\"wpb_column vc_column_container vc_col-sm-4\"><div class=\"vc_column-inner\"><div class=\"wpb_wrapper\">\n\t<div class=\"wpb_single_image wpb_content_element vc_align_center  wpb_animate_when_almost_visible wpb_fadeIn fadeIn\">\n\t\t<div class=\"wpb_wrapper\">\n\t\t\t\n\t\t\t<div class=\"vc_single_image-wrapper vc_box_outline  vc_box_border_grey\"><img loading=\"lazy\" decoding=\"async\" width=\"916\" height=\"682\" src=\"http:\/\/ahipokes.ca\/wp-content\/uploads\/2022\/04\/ahipoke_sashimi_web3.png\" class=\"vc_single_image-img attachment-large\" alt=\"\" title=\"ahipoke_sashimi_web3\" srcset=\"http:\/\/ahipokes.ca\/wp-content\/uploads\/2022\/04\/ahipoke_sashimi_web3.png 916w, http:\/\/ahipokes.ca\/wp-content\/uploads\/2022\/04\/ahipoke_sashimi_web3-300x223.png 300w, http:\/\/ahipokes.ca\/wp-content\/uploads\/2022\/04\/ahipoke_sashimi_web3-768x572.png 768w, http:\/\/ahipokes.ca\/wp-content\/uploads\/2022\/04\/ahipoke_sashimi_web3-880x655.png 880w, http:\/\/ahipokes.ca\/wp-content\/uploads\/2022\/04\/ahipoke_sashimi_web3-450x335.png 450w\" sizes=\"auto, (max-width: 916px) 100vw, 916px\" \/><\/div>\n\t\t<\/div>\n\t<\/div>\n\n\t<div class=\"wpb_text_column wpb_content_element\" >\n\t\t<div class=\"wpb_wrapper\">\n\t\t\t<h3 style=\"text-align: center;\">CHIRASHI 22<\/h3>\n<p style=\"text-align: center;\">Tuna sashimi, fresh salmon, tilapia, smoked salmon, shrimp, crab meat, caviar, served on sushi vinegar rice, mixed salad, homemade soy sauce.<\/p>\n\n\t\t<\/div>\n\t<\/div>\n<\/div><\/div><\/div><div class=\"wpb_column vc_column_container vc_col-sm-4\"><div class=\"vc_column-inner\"><div class=\"wpb_wrapper\">\n\t<div class=\"wpb_single_image wpb_content_element vc_align_center  wpb_animate_when_almost_visible wpb_fadeIn fadeIn\">\n\t\t<div class=\"wpb_wrapper\">\n\t\t\t\n\t\t\t<div class=\"vc_single_image-wrapper vc_box_outline  vc_box_border_grey\"><img loading=\"lazy\" decoding=\"async\" width=\"916\" height=\"682\" src=\"http:\/\/ahipokes.ca\/wp-content\/uploads\/2022\/05\/ahipoke10-2022.png\" class=\"vc_single_image-img attachment-large\" alt=\"\" title=\"ahipoke#10-2022\" srcset=\"http:\/\/ahipokes.ca\/wp-content\/uploads\/2022\/05\/ahipoke10-2022.png 916w, http:\/\/ahipokes.ca\/wp-content\/uploads\/2022\/05\/ahipoke10-2022-300x223.png 300w, http:\/\/ahipokes.ca\/wp-content\/uploads\/2022\/05\/ahipoke10-2022-768x572.png 768w, http:\/\/ahipokes.ca\/wp-content\/uploads\/2022\/05\/ahipoke10-2022-880x655.png 880w, http:\/\/ahipokes.ca\/wp-content\/uploads\/2022\/05\/ahipoke10-2022-450x335.png 450w\" sizes=\"auto, (max-width: 916px) 100vw, 916px\" \/><\/div>\n\t\t<\/div>\n\t<\/div>\n\n\t<div class=\"wpb_text_column wpb_content_element\" >\n\t\t<div class=\"wpb_wrapper\">\n\t\t\t<h3 style=\"text-align: center;\">POKE 50% 22<\/h3>\n<p style=\"text-align: center;\">Half tuna, half salmon, onion ring,\nedamame, avocado, mesclun salad,\npurple cabbage, rice, Ahi sauce<\/p>\n\n\t\t<\/div>\n\t<\/div>\n<\/div><\/div><\/div><\/div><div class=\"vc_row wpb_row vc_inner vc_row-fluid\"><div class=\"wpb_column vc_column_container vc_col-sm-4\"><div class=\"vc_column-inner\"><div class=\"wpb_wrapper\">\n\t<div class=\"wpb_single_image wpb_content_element vc_align_center  wpb_animate_when_almost_visible wpb_fadeIn fadeIn\">\n\t\t<div class=\"wpb_wrapper\">\n\t\t\t\n\t\t\t<div class=\"vc_single_image-wrapper vc_box_outline  vc_box_border_grey\"><img loading=\"lazy\" decoding=\"async\" width=\"916\" height=\"682\" src=\"http:\/\/ahipokes.ca\/wp-content\/uploads\/2022\/05\/ahipoke101-2022.png\" class=\"vc_single_image-img attachment-large\" alt=\"\" title=\"ahipoke#101-2022\" srcset=\"http:\/\/ahipokes.ca\/wp-content\/uploads\/2022\/05\/ahipoke101-2022.png 916w, http:\/\/ahipokes.ca\/wp-content\/uploads\/2022\/05\/ahipoke101-2022-300x223.png 300w, http:\/\/ahipokes.ca\/wp-content\/uploads\/2022\/05\/ahipoke101-2022-768x572.png 768w, http:\/\/ahipokes.ca\/wp-content\/uploads\/2022\/05\/ahipoke101-2022-880x655.png 880w, http:\/\/ahipokes.ca\/wp-content\/uploads\/2022\/05\/ahipoke101-2022-450x335.png 450w\" sizes=\"auto, (max-width: 916px) 100vw, 916px\" \/><\/div>\n\t\t<\/div>\n\t<\/div>\n\n\t<div class=\"wpb_text_column wpb_content_element\" >\n\t\t<div class=\"wpb_wrapper\">\n\t\t\t<h3 style=\"text-align: center;\">POKE ANGUILLE GRILL\u00c9 22<\/h3>\n<p style=\"text-align: center;\">Grilled eel, cucumber, Japanese mint,\navocado, tempura, salad, edamame, rice<br \/>\navocat, tempura, salade, edamame, riz<\/p>\n\n\t\t<\/div>\n\t<\/div>\n<\/div><\/div><\/div><div class=\"wpb_column vc_column_container vc_col-sm-4\"><div class=\"vc_column-inner\"><div class=\"wpb_wrapper\">\n\t<div class=\"wpb_single_image wpb_content_element vc_align_center  wpb_animate_when_almost_visible wpb_fadeIn fadeIn\">\n\t\t<div class=\"wpb_wrapper\">\n\t\t\t\n\t\t\t<div class=\"vc_single_image-wrapper vc_box_outline  vc_box_border_grey\"><img loading=\"lazy\" decoding=\"async\" width=\"916\" height=\"682\" src=\"http:\/\/ahipokes.ca\/wp-content\/uploads\/2022\/05\/ahipoke11-2022.png\" class=\"vc_single_image-img attachment-large\" alt=\"\" title=\"ahipoke#11-2022\" srcset=\"http:\/\/ahipokes.ca\/wp-content\/uploads\/2022\/05\/ahipoke11-2022.png 916w, http:\/\/ahipokes.ca\/wp-content\/uploads\/2022\/05\/ahipoke11-2022-300x223.png 300w, http:\/\/ahipokes.ca\/wp-content\/uploads\/2022\/05\/ahipoke11-2022-768x572.png 768w, http:\/\/ahipokes.ca\/wp-content\/uploads\/2022\/05\/ahipoke11-2022-880x655.png 880w, http:\/\/ahipokes.ca\/wp-content\/uploads\/2022\/05\/ahipoke11-2022-450x335.png 450w\" sizes=\"auto, (max-width: 916px) 100vw, 916px\" \/><\/div>\n\t\t<\/div>\n\t<\/div>\n\n\t<div class=\"wpb_text_column wpb_content_element\" >\n\t\t<div class=\"wpb_wrapper\">\n\t\t\t<h3 style=\"text-align: center;\">POKE SAUMON KATSU 22<\/h3>\n<p style=\"text-align: center;\">Thin slice of fried and crispy salmon served on\nnest of vegetables, rice and spicy mayo.<br \/>\nnid de l\u00e9gume, riz et mayo epic\u00e9.<\/p>\n\n\t\t<\/div>\n\t<\/div>\n<\/div><\/div><\/div><div class=\"wpb_column vc_column_container vc_col-sm-4\"><div class=\"vc_column-inner\"><div class=\"wpb_wrapper\">\n\t<div class=\"wpb_single_image wpb_content_element vc_align_center  wpb_animate_when_almost_visible wpb_fadeIn fadeIn\">\n\t\t<div class=\"wpb_wrapper\">\n\t\t\t\n\t\t\t<div class=\"vc_single_image-wrapper vc_box_outline  vc_box_border_grey\"><img loading=\"lazy\" decoding=\"async\" width=\"916\" height=\"682\" src=\"http:\/\/ahipokes.ca\/wp-content\/uploads\/2022\/05\/ahipoke12-2022.png\" class=\"vc_single_image-img attachment-large\" alt=\"\" title=\"ahipoke#12-2022\" srcset=\"http:\/\/ahipokes.ca\/wp-content\/uploads\/2022\/05\/ahipoke12-2022.png 916w, http:\/\/ahipokes.ca\/wp-content\/uploads\/2022\/05\/ahipoke12-2022-300x223.png 300w, http:\/\/ahipokes.ca\/wp-content\/uploads\/2022\/05\/ahipoke12-2022-768x572.png 768w, http:\/\/ahipokes.ca\/wp-content\/uploads\/2022\/05\/ahipoke12-2022-880x655.png 880w, http:\/\/ahipokes.ca\/wp-content\/uploads\/2022\/05\/ahipoke12-2022-450x335.png 450w\" sizes=\"auto, (max-width: 916px) 100vw, 916px\" \/><\/div>\n\t\t<\/div>\n\t<\/div>\n\n\t<div class=\"wpb_text_column wpb_content_element\" >\n\t\t<div class=\"wpb_wrapper\">\n\t\t\t<h3 style=\"text-align: center;\">POKE V\u00c9G\u00c9 DELUXE 22<\/h3>\n<p style=\"text-align: center;\">Zuchinni, sweet potato, eggplant, onion, all fried in tempura breadcrumbs served on salad\nand vinegar rice, Ahi sauce<\/p>\n\n\t\t<\/div>\n\t<\/div>\n<\/div><\/div><\/div><\/div><div class=\"vc_row wpb_row vc_inner vc_row-fluid\"><div class=\"wpb_column vc_column_container vc_col-sm-4 vc_hidden-lg vc_hidden-md vc_hidden-sm vc_hidden-xs\"><div class=\"vc_column-inner\"><div class=\"wpb_wrapper\">\n\t<div class=\"wpb_single_image wpb_content_element vc_align_center  wpb_animate_when_almost_visible wpb_fadeIn fadeIn\">\n\t\t<div class=\"wpb_wrapper\">\n\t\t\t\n\t\t\t<div class=\"vc_single_image-wrapper vc_box_outline  vc_box_border_grey\"><img loading=\"lazy\" decoding=\"async\" width=\"916\" height=\"682\" src=\"http:\/\/ahipokes.ca\/wp-content\/uploads\/2022\/05\/ahipoke13-2022.png\" class=\"vc_single_image-img attachment-large\" alt=\"\" title=\"ahipoke#13-2022\" srcset=\"http:\/\/ahipokes.ca\/wp-content\/uploads\/2022\/05\/ahipoke13-2022.png 916w, http:\/\/ahipokes.ca\/wp-content\/uploads\/2022\/05\/ahipoke13-2022-300x223.png 300w, http:\/\/ahipokes.ca\/wp-content\/uploads\/2022\/05\/ahipoke13-2022-768x572.png 768w, http:\/\/ahipokes.ca\/wp-content\/uploads\/2022\/05\/ahipoke13-2022-880x655.png 880w, http:\/\/ahipokes.ca\/wp-content\/uploads\/2022\/05\/ahipoke13-2022-450x335.png 450w\" sizes=\"auto, (max-width: 916px) 100vw, 916px\" \/><\/div>\n\t\t<\/div>\n\t<\/div>\n\n\t<div class=\"wpb_text_column wpb_content_element\" >\n\t\t<div class=\"wpb_wrapper\">\n\t\t\t<h3 style=\"text-align: center;\">SPICY SCALLOP POKE 19<\/h3>\n<p style=\"text-align: center;\">Spicy scallop tartar, caviar, edamame, fried carrot, served on vinegar rice and mesclun salad.<\/p>\n\n\t\t<\/div>\n\t<\/div>\n<\/div><\/div><\/div><div class=\"wpb_column vc_column_container vc_col-sm-4\"><div class=\"vc_column-inner\"><div class=\"wpb_wrapper\">\n\t<div class=\"wpb_single_image wpb_content_element vc_align_center  wpb_animate_when_almost_visible wpb_fadeIn fadeIn\">\n\t\t<div class=\"wpb_wrapper\">\n\t\t\t\n\t\t\t<div class=\"vc_single_image-wrapper vc_box_outline  vc_box_border_grey\"><img loading=\"lazy\" decoding=\"async\" width=\"916\" height=\"682\" src=\"http:\/\/ahipokes.ca\/wp-content\/uploads\/2022\/05\/ahipoke14-2022.png\" class=\"vc_single_image-img attachment-large\" alt=\"\" title=\"ahipoke#14-2022\" srcset=\"http:\/\/ahipokes.ca\/wp-content\/uploads\/2022\/05\/ahipoke14-2022.png 916w, http:\/\/ahipokes.ca\/wp-content\/uploads\/2022\/05\/ahipoke14-2022-300x223.png 300w, http:\/\/ahipokes.ca\/wp-content\/uploads\/2022\/05\/ahipoke14-2022-768x572.png 768w, http:\/\/ahipokes.ca\/wp-content\/uploads\/2022\/05\/ahipoke14-2022-880x655.png 880w, http:\/\/ahipokes.ca\/wp-content\/uploads\/2022\/05\/ahipoke14-2022-450x335.png 450w\" sizes=\"auto, (max-width: 916px) 100vw, 916px\" \/><\/div>\n\t\t<\/div>\n\t<\/div>\n\n\t<div class=\"wpb_text_column wpb_content_element\" >\n\t\t<div class=\"wpb_wrapper\">\n\t\t\t<h3 style=\"text-align: center;\">POKE SAUMON FLAMB\u00c9 22<\/h3>\n<p style=\"text-align: center;\">Torch flamb\u00e9ed salmon, mango, onion ring, caviar,\nchives, grilled sesame, Wafu sauce.<\/p>\n\n\t\t<\/div>\n\t<\/div>\n<\/div><\/div><\/div><div class=\"wpb_column vc_column_container vc_col-sm-4 vc_hidden-lg vc_hidden-md vc_hidden-sm vc_hidden-xs\"><div class=\"vc_column-inner\"><div class=\"wpb_wrapper\">\n\t<div class=\"wpb_single_image wpb_content_element vc_align_center  wpb_animate_when_almost_visible wpb_fadeIn fadeIn\">\n\t\t<div class=\"wpb_wrapper\">\n\t\t\t\n\t\t\t<div class=\"vc_single_image-wrapper vc_box_outline  vc_box_border_grey\"><img loading=\"lazy\" decoding=\"async\" width=\"916\" height=\"682\" src=\"http:\/\/ahipokes.ca\/wp-content\/uploads\/2022\/05\/ahipoke15-2022.png\" class=\"vc_single_image-img attachment-large\" alt=\"\" title=\"ahipoke#15-2022\" srcset=\"http:\/\/ahipokes.ca\/wp-content\/uploads\/2022\/05\/ahipoke15-2022.png 916w, http:\/\/ahipokes.ca\/wp-content\/uploads\/2022\/05\/ahipoke15-2022-300x223.png 300w, http:\/\/ahipokes.ca\/wp-content\/uploads\/2022\/05\/ahipoke15-2022-768x572.png 768w, http:\/\/ahipokes.ca\/wp-content\/uploads\/2022\/05\/ahipoke15-2022-880x655.png 880w, http:\/\/ahipokes.ca\/wp-content\/uploads\/2022\/05\/ahipoke15-2022-450x335.png 450w\" sizes=\"auto, (max-width: 916px) 100vw, 916px\" \/><\/div>\n\t\t<\/div>\n\t<\/div>\n\n\t<div class=\"wpb_text_column wpb_content_element\" >\n\t\t<div class=\"wpb_wrapper\">\n\t\t\t<h3 style=\"text-align: center;\">ONO AHI POKE 20<\/h3>\n<p style=\"text-align: center;\">Marinated tuna, red onion, coriander, caviar, chives, edamame, served on garden salad and vinegar rice.<\/p>\n\n\t\t<\/div>\n\t<\/div>\n<\/div><\/div><\/div><\/div><div class=\"vc_row wpb_row vc_inner vc_row-fluid\"><div class=\"wpb_column vc_column_container vc_col-sm-4\"><div class=\"vc_column-inner\"><div class=\"wpb_wrapper\">\n\t<div class=\"wpb_single_image wpb_content_element vc_align_center  wpb_animate_when_almost_visible wpb_fadeIn fadeIn\">\n\t\t<div class=\"wpb_wrapper\">\n\t\t\t\n\t\t\t<div class=\"vc_single_image-wrapper vc_box_outline  vc_box_border_grey\"><img loading=\"lazy\" decoding=\"async\" width=\"916\" height=\"682\" src=\"http:\/\/ahipokes.ca\/wp-content\/uploads\/2022\/05\/ahipoke16-2022.png\" class=\"vc_single_image-img attachment-large\" alt=\"\" title=\"ahipoke#16-2022\" srcset=\"http:\/\/ahipokes.ca\/wp-content\/uploads\/2022\/05\/ahipoke16-2022.png 916w, http:\/\/ahipokes.ca\/wp-content\/uploads\/2022\/05\/ahipoke16-2022-300x223.png 300w, http:\/\/ahipokes.ca\/wp-content\/uploads\/2022\/05\/ahipoke16-2022-768x572.png 768w, http:\/\/ahipokes.ca\/wp-content\/uploads\/2022\/05\/ahipoke16-2022-880x655.png 880w, http:\/\/ahipokes.ca\/wp-content\/uploads\/2022\/05\/ahipoke16-2022-450x335.png 450w\" sizes=\"auto, (max-width: 916px) 100vw, 916px\" \/><\/div>\n\t\t<\/div>\n\t<\/div>\n\n\t<div class=\"wpb_text_column wpb_content_element\" >\n\t\t<div class=\"wpb_wrapper\">\n\t\t\t<h3 style=\"text-align: center;\">POKE CREVETTE TEMPURA 21<\/h3>\n<p style=\"text-align: center;\">Breaded tempura shrimps, mixed salad, carrot, purple cabbage, avocado, edamame, furikake,\ngrilled sesame, vinegar rice.<\/p>\n\n\t\t<\/div>\n\t<\/div>\n<\/div><\/div><\/div><div class=\"wpb_column vc_column_container vc_col-sm-4\"><div class=\"vc_column-inner\"><div class=\"wpb_wrapper\"><\/div><\/div><\/div><div class=\"wpb_column vc_column_container vc_col-sm-4\"><div class=\"vc_column-inner\"><div class=\"wpb_wrapper\"><\/div><\/div><\/div><\/div><\/div><\/div><\/div><\/div><\/div><\/section>\n<\/div>","protected":false},"excerpt":{"rendered":"POKE SAUMON 21 Saumon frais, f\u00e8ve edamame, salade mixte, riz vinaigre, l\u00e9gumes du jardin, caviar, vinaigrette Maison. POKE THON 22 Thon (qualit\u00e9 sushi), f\u00e8ve edamame, mangue, salade, carrote, riz, caviar, vinaigrette maison. POKE DELUXE 22 Saumon frais, crevettes tempura, f\u00e8ve edamame, salade mixte , riz vinaigr\u00e9, legumes du jardin , caviar, vinaigrette Maison. POKE V\u00c9G\u00c9TARIEN 20 Montagne de salade et de l\u00e9gume frais de saison, f\u00e8ves edamame , tomate seche [...]","protected":false},"author":1,"featured_media":0,"parent":0,"menu_order":0,"comment_status":"closed","ping_status":"closed","template":"","meta":{"footnotes":""},"class_list":["post-104","page","type-page","status-publish","hentry"],"_links":{"self":[{"href":"http:\/\/ahipokes.ca\/en\/wp-json\/wp\/v2\/pages\/104","targetHints":{"allow":["GET"]}}],"collection":[{"href":"http:\/\/ahipokes.ca\/en\/wp-json\/wp\/v2\/pages"}],"about":[{"href":"http:\/\/ahipokes.ca\/en\/wp-json\/wp\/v2\/types\/page"}],"author":[{"embeddable":true,"href":"http:\/\/ahipokes.ca\/en\/wp-json\/wp\/v2\/users\/1"}],"replies":[{"embeddable":true,"href":"http:\/\/ahipokes.ca\/en\/wp-json\/wp\/v2\/comments?post=104"}],"version-history":[{"count":21,"href":"http:\/\/ahipokes.ca\/en\/wp-json\/wp\/v2\/pages\/104\/revisions"}],"predecessor-version":[{"id":274,"href":"http:\/\/ahipokes.ca\/en\/wp-json\/wp\/v2\/pages\/104\/revisions\/274"}],"wp:attachment":[{"href":"http:\/\/ahipokes.ca\/en\/wp-json\/wp\/v2\/media?parent=104"}],"curies":[{"name":"wp","href":"https:\/\/api.w.org\/{rel}","templated":true}]}}